{"id":1167,"date":"2022-10-30T19:00:59","date_gmt":"2022-10-30T19:00:59","guid":{"rendered":"http:\/\/newrochade%20.de\/?page_id=1167"},"modified":"2025-10-05T15:51:11","modified_gmt":"2025-10-05T15:51:11","slug":"impressum","status":"publish","type":"page","link":"https:\/\/rochade-braunschweig.eu\/en\/impressum\/","title":{"rendered":"Impressum"},"content":{"rendered":"<style>\/*! elementor - v3.13.2 - 11-05-2023 *\/<br \/>\n.elementor-heading-title{padding:0;margin:0;line-height:1}.elementor-widget-heading .elementor-heading-title[class*=elementor-size-]>a{color:inherit;font-size:inherit;line-height:inherit}.elementor-widget-heading .elementor-heading-title.elementor-size-small{font-size:15px}.elementor-widget-heading .elementor-heading-title.elementor-size-medium{font-size:19px}.elementor-widget-heading .elementor-heading-title.elementor-size-large{font-size:29px}.elementor-widget-heading .elementor-heading-title.elementor-size-xl{font-size:39px}.elementor-widget-heading .elementor-heading-title.elementor-size-xxl{font-size:59px}<\/style>\n<h2>Impressum<\/h2>\n<p>Herausgeber\/Registriert auf: Kinder- und Jugendschachverein Rochade Braunschweig e.V.<\/p>\n<p>Vertreten durch den Vorstand\u00a0im Sinne des \u00a726 BGB:<\/p>\n<p>Kerstin Reinecke, 1. Vorsitzende, vorsitzender@rochade-braunschweig.de<\/p>\n<p>Verantwortlich f\u00fcr die Inhalte dieser Seite:<\/p>\n<p>Kerstin Reinecke, 1. Vorsitzende, vorsitzender@rochade-braunschweig.de<\/p>\n<p>Anschrift:<\/p>\n<p>Kinder- und Jugendschachverein Rochade Braunschweig e.V.<\/p>\n<p>Kerstin Reinecke<\/p>\n<p>Roonstra\u00dfe 20<\/p>\n<p>38102 Braunschweig<\/p>\n<p><strong>Distanzierung von externen Links<\/strong><\/p>\n<p>Das Urteil vom 12. Mai 1998 (312 O 85\/98) des Landgerichts Hamburg besagt, dass man durch Setzen eines Links auf eine fremde Website deren Inhalt mit zu verantworten hat. Dies kann nur dadurch verhindert werden, dass man sich ausdr\u00fccklich von den Inhalten der verlinkten Seiten distanziert.<\/p>\n<p><em>Daher gilt f\u00fcr alle Links auf unserer Website:<br \/>\n<\/em><\/p>\n<p>Da wir keinerlei Einfluss auf die Gestaltung und die Inhalte der verlinkten Seiten haben, distanzieren wir uns ausdr\u00fccklich von deren Inhalten und machen uns deren Inhalte auch nicht zu eigen. Wir sind nicht verantwortlich und auch nicht haftbar zu machen f\u00fcr Sch\u00e4den jeglicher Art, die durch Nutzung der Links auf externen Seiten entstehen.<br \/>\nDie in dieser Website eingebundenen Links werden sorgsam auf ihre Inhalte \u00fcberpr\u00fcft. Eine st\u00e4ndige \u00dcberpr\u00fcfung und \u00dcberwachung der verlinkten Seiten kann der Verein allerdings nicht leisten. Sollten von uns unbemerkte Inhalts\u00e4nderungen der verlinkten Seiten eine L\u00f6sung des Links notwendig machen, bitten wir um Information an oben genannte E-Mail-Adresse.<\/p>\n<p><strong>Haftungsausschluss<\/strong><\/p>\n<p>Der KSV Rochade Braunschweig versucht, alle Informationen und Daten auf dieser Website gut recherchiert und st\u00e4ndig aktuell zu halten. F\u00fcr die Vollst\u00e4ndigkeit und Aktualit\u00e4t sowie f\u00fcr die Richtigkeit aller auf dieser Website ver\u00f6ffentlichten Daten wird jedoch keine Gew\u00e4hr und keine Haftung \u00fcbernommen. Alle Angaben k\u00f6nnen ohne vorherige Ank\u00fcndigung ge\u00e4ndert, erg\u00e4nzt oder entfernt werden.<\/p>\n<p><strong>Urheberrechte<\/strong><\/p>\n<p>Die Inhalte (Texte, Bilder etc.) auf dieser Website sind durch uns oder Dritte urheberrechtlich gesch\u00fctzt. Alle Rechte sind vorbehalten.<\/p>\n<p>Ohne ausdr\u00fcckliche schriftliche Genehmigung des KSV Rochade Braunschweig d\u00fcrfen Inhalte dieser Website (Texte, Bilder etc.) nicht vervielf\u00e4ltigt, vertrieben, transferiert oder gespeichert werden. Diese Website enth\u00e4lt Bilder und Texte, die dem Urheberrecht Dritter unterliegen. Wir widersprechen jeglicher kommerziellen Verwendung und Weitergabe der pers\u00f6nlichen Daten der auf dieser Website genannten Personen.<\/p>","protected":false},"excerpt":{"rendered":"<p>Impressum Herausgeber\/Registriert auf: Kinder- und Jugendschachverein Rochade Braunschweig e.V. Vertreten durch den Vorstand\u00a0im Sinne des \u00a726 BGB: Kerstin Reinecke, 1. Vorsitzende, vorsitzender@rochade-braunschweig.de Verantwortlich f\u00fcr die Inhalte dieser Seite: Kerstin Reinecke, 1. Vorsitzende, vorsitzender@rochade-braunschweig.de Anschrift: Kinder- und Jugendschachverein Rochade Braunschweig e.V. Kerstin Reinecke Roonstra\u00dfe 20 38102 Braunschweig Distanzierung von externen Links [&hellip;]<\/p>","protected":false},"author":6,"featured_media":0,"parent":0,"menu_order":0,"comment_status":"closed","ping_status":"closed","template":"page-templates\/template-pagebuilder-full-width.php","meta":{"footnotes":""},"class_list":["post-1167","page","type-page","status-publish","hentry"],"_links":{"self":[{"href":"https:\/\/rochade-braunschweig.eu\/en\/wp-json\/wp\/v2\/pages\/1167"}],"collection":[{"href":"https:\/\/rochade-braunschweig.eu\/en\/wp-json\/wp\/v2\/pages"}],"about":[{"href":"https:\/\/rochade-braunschweig.eu\/en\/wp-json\/wp\/v2\/types\/page"}],"author":[{"embeddable":true,"href":"https:\/\/rochade-braunschweig.eu\/en\/wp-json\/wp\/v2\/users\/6"}],"replies":[{"embeddable":true,"href":"https:\/\/rochade-braunschweig.eu\/en\/wp-json\/wp\/v2\/comments?post=1167"}],"version-history":[{"count":21,"href":"https:\/\/rochade-braunschweig.eu\/en\/wp-json\/wp\/v2\/pages\/1167\/revisions"}],"predecessor-version":[{"id":2090,"href":"https:\/\/rochade-braunschweig.eu\/en\/wp-json\/wp\/v2\/pages\/1167\/revisions\/2090"}],"wp:attachment":[{"href":"https:\/\/rochade-braunschweig.eu\/en\/wp-json\/wp\/v2\/media?parent=1167"}],"curies":[{"name":"wp","href":"https:\/\/api.w.org\/{rel}","templated":true}]}}